{"id":6258,"date":"2026-02-20T16:20:28","date_gmt":"2026-02-20T16:20:28","guid":{"rendered":"https:\/\/fervent-agnesi.193-70-1-120.plesk.page\/?page_id=6258"},"modified":"2026-02-20T16:21:35","modified_gmt":"2026-02-20T16:21:35","slug":"aviso-legal","status":"publish","type":"page","link":"https:\/\/fervent-agnesi.193-70-1-120.plesk.page\/index.php\/aviso-legal\/","title":{"rendered":"Aviso Legal"},"content":{"rendered":"[vc_row type=\u00bbin_container\u00bb full_screen_row_position=\u00bbmiddle\u00bb column_margin=\u00bbdefault\u00bb column_direction=\u00bbdefault\u00bb column_direction_tablet=\u00bbdefault\u00bb column_direction_phone=\u00bbdefault\u00bb scene_position=\u00bbcenter\u00bb text_color=\u00bbdark\u00bb text_align=\u00bbleft\u00bb row_border_radius=\u00bbnone\u00bb row_border_radius_applies=\u00bbbg\u00bb row_position_desktop=\u00bbdefault\u00bb row_position_tablet=\u00bbinherit\u00bb row_position_phone=\u00bbinherit\u00bb overflow=\u00bbvisible\u00bb overlay_strength=\u00bb0.3&#8243; gradient_direction=\u00bbleft_to_right\u00bb shape_divider_position=\u00bbbottom\u00bb bg_image_animation=\u00bbnone\u00bb][vc_column column_padding=\u00bbno-extra-padding\u00bb column_padding_tablet=\u00bbinherit\u00bb column_padding_phone=\u00bbinherit\u00bb column_padding_position=\u00bball\u00bb flex_gap_desktop=\u00bb10px\u00bb column_element_direction_desktop=\u00bbdefault\u00bb column_element_spacing=\u00bbdefault\u00bb desktop_text_alignment=\u00bbdefault\u00bb tablet_text_alignment=\u00bbdefault\u00bb phone_text_alignment=\u00bbdefault\u00bb background_color_opacity=\u00bb1&#8243; background_hover_color_opacity=\u00bb1&#8243; column_backdrop_filter=\u00bbnone\u00bb column_shadow=\u00bbnone\u00bb column_border_radius=\u00bbnone\u00bb column_link_target=\u00bb_self\u00bb column_position=\u00bbdefault\u00bb gradient_direction=\u00bbleft_to_right\u00bb overlay_strength=\u00bb0.3&#8243; width=\u00bb1\/1&#8243; tablet_width_inherit=\u00bbdefault\u00bb animation_type=\u00bbdefault\u00bb bg_image_animation=\u00bbnone\u00bb border_type=\u00bbsimple\u00bb column_border_width=\u00bbnone\u00bb column_border_style=\u00bbsolid\u00bb][vc_column_text css=\u00bb\u00bb text_direction=\u00bbdefault\u00bb]\n<h2>AVISO LEGAL<\/h2>\n<p><strong>1. Datos identificativos<\/strong><\/p>\n<p>En cumplimiento con el deber de informaci\u00f3n recogido en el art\u00edculo 10 de la Ley 34\/2002, de 11 de julio, de Servicios de la Sociedad de la Informaci\u00f3n y de Comercio Electr\u00f3nico (LSSI-CE), se informa que el titular del presente sitio web es:<\/p>\n<p>CONSTRUCTORA CEFER, S.L.<br \/>\nCIF: B32115032<br \/>\nDomicilio social: CL. San Mart\u00edn, 16 \u2013 32780 A Pobra de Trives (Ourense)<br \/>\nTel\u00e9fono: 988 33 02 33<\/p>\n<p>En adelante, \u201cla empresa\u201d.<\/p>\n<p><strong>2. Objeto<\/strong><\/p>\n<p>El presente Aviso Legal regula el acceso, navegaci\u00f3n y uso del sitio web titularidad de CONSTRUCTORA CEFER, S.L., as\u00ed como las responsabilidades derivadas de la utilizaci\u00f3n de sus contenidos (textos, im\u00e1genes, proyectos, obras ejecutadas, documentaci\u00f3n t\u00e9cnica, etc.).<\/p>\n<p>El acceso y navegaci\u00f3n por el sitio web implican la aceptaci\u00f3n expresa y sin reservas de las presentes condiciones.<\/p>\n<p><strong>3. Condiciones de uso<\/strong><\/p>\n<p>El usuario se compromete a:<\/p>\n<ul>\n<li>Hacer un uso adecuado y l\u00edcito del sitio web.<\/li>\n<li>No realizar actividades il\u00edcitas o contrarias a la buena fe.<\/li>\n<li>No da\u00f1ar, inutilizar o sobrecargar el sitio web.<\/li>\n<li>No introducir virus, malware o cualquier otro sistema da\u00f1ino.<\/li>\n<\/ul>\n<p>La empresa se reserva el derecho a modificar en cualquier momento y sin previo aviso el contenido del sitio web.<\/p>\n<p><strong>4. Propiedad intelectual e industrial<\/strong><\/p>\n<p>Todos los contenidos del sitio web (dise\u00f1o, estructura, textos, im\u00e1genes, logotipos, proyectos, documentaci\u00f3n t\u00e9cnica, etc.) son titularidad de CONSTRUCTORA CEFER, S.L. o dispone de licencia para su uso.<\/p>\n<p>Queda prohibida su reproducci\u00f3n, distribuci\u00f3n o comunicaci\u00f3n p\u00fablica sin autorizaci\u00f3n expresa y por escrito del titular.<\/p>\n<p><strong>5. Responsabilidad<\/strong><\/p>\n<p>CONSTRUCTORA CEFER, S.L. no se responsabiliza de:<\/p>\n<p>Los da\u00f1os derivados del uso incorrecto del sitio web.<\/p>\n<p>La existencia de virus o elementos da\u00f1inos introducidos por terceros.<\/p>\n<p>El contenido de enlaces externos que puedan aparecer en el sitio web.<\/p>\n<p><strong>6. Legislaci\u00f3n aplicable y jurisdicci\u00f3n<\/strong><\/p>\n<p>La relaci\u00f3n entre el usuario y CONSTRUCTORA CEFER, S.L. se regir\u00e1 por la normativa espa\u00f1ola vigente.<\/p>\n<p>Para la resoluci\u00f3n de cualquier conflicto, las partes se someter\u00e1n a los Juzgados y Tribunales de Ourense, salvo que la normativa aplicable disponga otra cosa.[\/vc_column_text][\/vc_column][\/vc_row]\n","protected":false},"excerpt":{"rendered":"<p>[vc_row type=\u00bbin_container\u00bb full_screen_row_position=\u00bbmiddle\u00bb column_margin=\u00bbdefault\u00bb column_direction=\u00bbdefault\u00bb column_direction_tablet=\u00bbdefault\u00bb column_direction_phone=\u00bbdefault\u00bb scene_position=\u00bbcenter\u00bb text_color=\u00bbdark\u00bb text_align=\u00bbleft\u00bb row_border_radius=\u00bbnone\u00bb row_border_radius_applies=\u00bbbg\u00bb row_position_desktop=\u00bbdefault\u00bb row_position_tablet=\u00bbinherit\u00bb row_position_phone=\u00bbinherit\u00bb overflow=\u00bbvisible\u00bb overlay_strength=\u00bb0.3&#8243; gradient_direction=\u00bbleft_to_right\u00bb shape_divider_position=\u00bbbottom\u00bb bg_image_animation=\u00bbnone\u00bb][vc_column column_padding=\u00bbno-extra-padding\u00bb column_padding_tablet=\u00bbinherit\u00bb column_padding_phone=\u00bbinherit\u00bb column_padding_position=\u00bball\u00bb flex_gap_desktop=\u00bb10px\u00bb column_element_direction_desktop=\u00bbdefault\u00bb column_element_spacing=\u00bbdefault\u00bb desktop_text_alignment=\u00bbdefault\u00bb tablet_text_alignment=\u00bbdefault\u00bb phone_text_alignment=\u00bbdefault\u00bb&#8230;<\/p>\n","protected":false},"author":1,"featured_media":0,"parent":0,"menu_order":0,"comment_status":"closed","ping_status":"closed","template":"","meta":{"footnotes":""},"class_list":["post-6258","page","type-page","status-publish"],"yoast_head":"<!-- This site is optimized with the Yoast SEO plugin v27.0 - https:\/\/yoast.com\/product\/yoast-seo-wordpress\/ -->\n<title>Aviso Legal - Construcciones Cefer<\/title>\n<meta name=\"robots\" content=\"index, follow, max-snippet:-1, max-image-preview:large, max-video-preview:-1\" \/>\n<link rel=\"canonical\" href=\"https:\/\/fervent-agnesi.193-70-1-120.plesk.page\/index.php\/aviso-legal\/\" \/>\n<meta property=\"og:locale\" content=\"es_ES\" \/>\n<meta property=\"og:type\" content=\"article\" \/>\n<meta property=\"og:title\" content=\"Aviso Legal - Construcciones Cefer\" \/>\n<meta property=\"og:description\" content=\"[vc_row type=\u00bbin_container\u00bb full_screen_row_position=\u00bbmiddle\u00bb column_margin=\u00bbdefault\u00bb column_direction=\u00bbdefault\u00bb column_direction_tablet=\u00bbdefault\u00bb column_direction_phone=\u00bbdefault\u00bb scene_position=\u00bbcenter\u00bb text_color=\u00bbdark\u00bb text_align=\u00bbleft\u00bb row_border_radius=\u00bbnone\u00bb row_border_radius_applies=\u00bbbg\u00bb row_position_desktop=\u00bbdefault\u00bb row_position_tablet=\u00bbinherit\u00bb row_position_phone=\u00bbinherit\u00bb overflow=\u00bbvisible\u00bb overlay_strength=\u00bb0.3&#8243; gradient_direction=\u00bbleft_to_right\u00bb shape_divider_position=\u00bbbottom\u00bb bg_image_animation=\u00bbnone\u00bb][vc_column column_padding=\u00bbno-extra-padding\u00bb column_padding_tablet=\u00bbinherit\u00bb column_padding_phone=\u00bbinherit\u00bb column_padding_position=\u00bball\u00bb flex_gap_desktop=\u00bb10px\u00bb column_element_direction_desktop=\u00bbdefault\u00bb column_element_spacing=\u00bbdefault\u00bb desktop_text_alignment=\u00bbdefault\u00bb tablet_text_alignment=\u00bbdefault\u00bb phone_text_alignment=\u00bbdefault\u00bb...\" \/>\n<meta property=\"og:url\" content=\"https:\/\/fervent-agnesi.193-70-1-120.plesk.page\/index.php\/aviso-legal\/\" \/>\n<meta property=\"og:site_name\" content=\"Construcciones Cefer\" \/>\n<meta property=\"article:modified_time\" content=\"2026-02-20T16:21:35+00:00\" \/>\n<meta name=\"twitter:card\" content=\"summary_large_image\" \/>\n<meta name=\"twitter:label1\" content=\"Tiempo de lectura\" \/>\n\t<meta name=\"twitter:data1\" content=\"3 minutos\" \/>\n<script type=\"application\/ld+json\" class=\"yoast-schema-graph\">{\"@context\":\"https:\/\/schema.org\",\"@graph\":[{\"@type\":\"WebPage\",\"@id\":\"https:\/\/fervent-agnesi.193-70-1-120.plesk.page\/index.php\/aviso-legal\/\",\"url\":\"https:\/\/fervent-agnesi.193-70-1-120.plesk.page\/index.php\/aviso-legal\/\",\"name\":\"Aviso Legal - Construcciones Cefer\",\"isPartOf\":{\"@id\":\"https:\/\/fervent-agnesi.193-70-1-120.plesk.page\/#website\"},\"datePublished\":\"2026-02-20T16:20:28+00:00\",\"dateModified\":\"2026-02-20T16:21:35+00:00\",\"breadcrumb\":{\"@id\":\"https:\/\/fervent-agnesi.193-70-1-120.plesk.page\/index.php\/aviso-legal\/#breadcrumb\"},\"inLanguage\":\"es\",\"potentialAction\":[{\"@type\":\"ReadAction\",\"target\":[\"https:\/\/fervent-agnesi.193-70-1-120.plesk.page\/index.php\/aviso-legal\/\"]}]},{\"@type\":\"BreadcrumbList\",\"@id\":\"https:\/\/fervent-agnesi.193-70-1-120.plesk.page\/index.php\/aviso-legal\/#breadcrumb\",\"itemListElement\":[{\"@type\":\"ListItem\",\"position\":1,\"name\":\"Portada\",\"item\":\"https:\/\/fervent-agnesi.193-70-1-120.plesk.page\/\"},{\"@type\":\"ListItem\",\"position\":2,\"name\":\"Aviso Legal\"}]},{\"@type\":\"WebSite\",\"@id\":\"https:\/\/fervent-agnesi.193-70-1-120.plesk.page\/#website\",\"url\":\"https:\/\/fervent-agnesi.193-70-1-120.plesk.page\/\",\"name\":\"Construcciones Cefer\",\"description\":\"\",\"publisher\":{\"@id\":\"https:\/\/fervent-agnesi.193-70-1-120.plesk.page\/#organization\"},\"potentialAction\":[{\"@type\":\"SearchAction\",\"target\":{\"@type\":\"EntryPoint\",\"urlTemplate\":\"https:\/\/fervent-agnesi.193-70-1-120.plesk.page\/?s={search_term_string}\"},\"query-input\":{\"@type\":\"PropertyValueSpecification\",\"valueRequired\":true,\"valueName\":\"search_term_string\"}}],\"inLanguage\":\"es\"},{\"@type\":\"Organization\",\"@id\":\"https:\/\/fervent-agnesi.193-70-1-120.plesk.page\/#organization\",\"name\":\"Construcciones Cefer\",\"url\":\"https:\/\/fervent-agnesi.193-70-1-120.plesk.page\/\",\"logo\":{\"@type\":\"ImageObject\",\"inLanguage\":\"es\",\"@id\":\"https:\/\/fervent-agnesi.193-70-1-120.plesk.page\/#\/schema\/logo\/image\/\",\"url\":\"https:\/\/fervent-agnesi.193-70-1-120.plesk.page\/wp-content\/uploads\/2026\/02\/cropped-logo-hd-cefer-contrusctora-trives.png\",\"contentUrl\":\"https:\/\/fervent-agnesi.193-70-1-120.plesk.page\/wp-content\/uploads\/2026\/02\/cropped-logo-hd-cefer-contrusctora-trives.png\",\"width\":512,\"height\":512,\"caption\":\"Construcciones Cefer\"},\"image\":{\"@id\":\"https:\/\/fervent-agnesi.193-70-1-120.plesk.page\/#\/schema\/logo\/image\/\"}}]}<\/script>\n<!-- \/ Yoast SEO plugin. -->","yoast_head_json":{"title":"Aviso Legal - Construcciones Cefer","robots":{"index":"index","follow":"follow","max-snippet":"max-snippet:-1","max-image-preview":"max-image-preview:large","max-video-preview":"max-video-preview:-1"},"canonical":"https:\/\/fervent-agnesi.193-70-1-120.plesk.page\/index.php\/aviso-legal\/","og_locale":"es_ES","og_type":"article","og_title":"Aviso Legal - Construcciones Cefer","og_description":"[vc_row type=\u00bbin_container\u00bb full_screen_row_position=\u00bbmiddle\u00bb column_margin=\u00bbdefault\u00bb column_direction=\u00bbdefault\u00bb column_direction_tablet=\u00bbdefault\u00bb column_direction_phone=\u00bbdefault\u00bb scene_position=\u00bbcenter\u00bb text_color=\u00bbdark\u00bb text_align=\u00bbleft\u00bb row_border_radius=\u00bbnone\u00bb row_border_radius_applies=\u00bbbg\u00bb row_position_desktop=\u00bbdefault\u00bb row_position_tablet=\u00bbinherit\u00bb row_position_phone=\u00bbinherit\u00bb overflow=\u00bbvisible\u00bb overlay_strength=\u00bb0.3&#8243; gradient_direction=\u00bbleft_to_right\u00bb shape_divider_position=\u00bbbottom\u00bb bg_image_animation=\u00bbnone\u00bb][vc_column column_padding=\u00bbno-extra-padding\u00bb column_padding_tablet=\u00bbinherit\u00bb column_padding_phone=\u00bbinherit\u00bb column_padding_position=\u00bball\u00bb flex_gap_desktop=\u00bb10px\u00bb column_element_direction_desktop=\u00bbdefault\u00bb column_element_spacing=\u00bbdefault\u00bb desktop_text_alignment=\u00bbdefault\u00bb tablet_text_alignment=\u00bbdefault\u00bb phone_text_alignment=\u00bbdefault\u00bb...","og_url":"https:\/\/fervent-agnesi.193-70-1-120.plesk.page\/index.php\/aviso-legal\/","og_site_name":"Construcciones Cefer","article_modified_time":"2026-02-20T16:21:35+00:00","twitter_card":"summary_large_image","twitter_misc":{"Tiempo de lectura":"3 minutos"},"schema":{"@context":"https:\/\/schema.org","@graph":[{"@type":"WebPage","@id":"https:\/\/fervent-agnesi.193-70-1-120.plesk.page\/index.php\/aviso-legal\/","url":"https:\/\/fervent-agnesi.193-70-1-120.plesk.page\/index.php\/aviso-legal\/","name":"Aviso Legal - Construcciones Cefer","isPartOf":{"@id":"https:\/\/fervent-agnesi.193-70-1-120.plesk.page\/#website"},"datePublished":"2026-02-20T16:20:28+00:00","dateModified":"2026-02-20T16:21:35+00:00","breadcrumb":{"@id":"https:\/\/fervent-agnesi.193-70-1-120.plesk.page\/index.php\/aviso-legal\/#breadcrumb"},"inLanguage":"es","potentialAction":[{"@type":"ReadAction","target":["https:\/\/fervent-agnesi.193-70-1-120.plesk.page\/index.php\/aviso-legal\/"]}]},{"@type":"BreadcrumbList","@id":"https:\/\/fervent-agnesi.193-70-1-120.plesk.page\/index.php\/aviso-legal\/#breadcrumb","itemListElement":[{"@type":"ListItem","position":1,"name":"Portada","item":"https:\/\/fervent-agnesi.193-70-1-120.plesk.page\/"},{"@type":"ListItem","position":2,"name":"Aviso Legal"}]},{"@type":"WebSite","@id":"https:\/\/fervent-agnesi.193-70-1-120.plesk.page\/#website","url":"https:\/\/fervent-agnesi.193-70-1-120.plesk.page\/","name":"Construcciones Cefer","description":"","publisher":{"@id":"https:\/\/fervent-agnesi.193-70-1-120.plesk.page\/#organization"},"potentialAction":[{"@type":"SearchAction","target":{"@type":"EntryPoint","urlTemplate":"https:\/\/fervent-agnesi.193-70-1-120.plesk.page\/?s={search_term_string}"},"query-input":{"@type":"PropertyValueSpecification","valueRequired":true,"valueName":"search_term_string"}}],"inLanguage":"es"},{"@type":"Organization","@id":"https:\/\/fervent-agnesi.193-70-1-120.plesk.page\/#organization","name":"Construcciones Cefer","url":"https:\/\/fervent-agnesi.193-70-1-120.plesk.page\/","logo":{"@type":"ImageObject","inLanguage":"es","@id":"https:\/\/fervent-agnesi.193-70-1-120.plesk.page\/#\/schema\/logo\/image\/","url":"https:\/\/fervent-agnesi.193-70-1-120.plesk.page\/wp-content\/uploads\/2026\/02\/cropped-logo-hd-cefer-contrusctora-trives.png","contentUrl":"https:\/\/fervent-agnesi.193-70-1-120.plesk.page\/wp-content\/uploads\/2026\/02\/cropped-logo-hd-cefer-contrusctora-trives.png","width":512,"height":512,"caption":"Construcciones Cefer"},"image":{"@id":"https:\/\/fervent-agnesi.193-70-1-120.plesk.page\/#\/schema\/logo\/image\/"}}]}},"_links":{"self":[{"href":"https:\/\/fervent-agnesi.193-70-1-120.plesk.page\/index.php\/wp-json\/wp\/v2\/pages\/6258","targetHints":{"allow":["GET"]}}],"collection":[{"href":"https:\/\/fervent-agnesi.193-70-1-120.plesk.page\/index.php\/wp-json\/wp\/v2\/pages"}],"about":[{"href":"https:\/\/fervent-agnesi.193-70-1-120.plesk.page\/index.php\/wp-json\/wp\/v2\/types\/page"}],"author":[{"embeddable":true,"href":"https:\/\/fervent-agnesi.193-70-1-120.plesk.page\/index.php\/wp-json\/wp\/v2\/users\/1"}],"replies":[{"embeddable":true,"href":"https:\/\/fervent-agnesi.193-70-1-120.plesk.page\/index.php\/wp-json\/wp\/v2\/comments?post=6258"}],"version-history":[{"count":2,"href":"https:\/\/fervent-agnesi.193-70-1-120.plesk.page\/index.php\/wp-json\/wp\/v2\/pages\/6258\/revisions"}],"predecessor-version":[{"id":6260,"href":"https:\/\/fervent-agnesi.193-70-1-120.plesk.page\/index.php\/wp-json\/wp\/v2\/pages\/6258\/revisions\/6260"}],"wp:attachment":[{"href":"https:\/\/fervent-agnesi.193-70-1-120.plesk.page\/index.php\/wp-json\/wp\/v2\/media?parent=6258"}],"curies":[{"name":"wp","href":"https:\/\/api.w.org\/{rel}","templated":true}]}}