{"id":6026,"date":"2026-02-12T10:51:06","date_gmt":"2026-02-12T10:51:06","guid":{"rendered":"https:\/\/fervent-agnesi.193-70-1-120.plesk.page\/?page_id=6026"},"modified":"2026-02-21T09:11:04","modified_gmt":"2026-02-21T09:11:04","slug":"contacto","status":"publish","type":"page","link":"https:\/\/fervent-agnesi.193-70-1-120.plesk.page\/index.php\/contacto\/","title":{"rendered":"Contacto"},"content":{"rendered":"[vc_row type=\u00bbin_container\u00bb full_screen_row_position=\u00bbmiddle\u00bb column_margin=\u00bbdefault\u00bb column_direction=\u00bbdefault\u00bb column_direction_tablet=\u00bbdefault\u00bb column_direction_phone=\u00bbdefault\u00bb bg_color=\u00bb#ffffff\u00bb scene_position=\u00bbcenter\u00bb text_color=\u00bbdark\u00bb text_align=\u00bbleft\u00bb row_border_radius=\u00bbnone\u00bb row_border_radius_applies=\u00bbbg\u00bb row_position_desktop=\u00bbdefault\u00bb row_position_tablet=\u00bbinherit\u00bb row_position_phone=\u00bbinherit\u00bb overflow=\u00bbvisible\u00bb overlay_strength=\u00bb0.3&#8243; gradient_direction=\u00bbleft_to_right\u00bb shape_divider_position=\u00bbbottom\u00bb bg_image_animation=\u00bbnone\u00bb gradient_type=\u00bbdefault\u00bb shape_type=\u00bb\u00bb][vc_column column_padding=\u00bbno-extra-padding\u00bb column_padding_tablet=\u00bbinherit\u00bb column_padding_phone=\u00bbinherit\u00bb column_padding_position=\u00bball\u00bb column_element_direction_desktop=\u00bbdefault\u00bb column_element_spacing=\u00bbdefault\u00bb centered_text=\u00bbtrue\u00bb desktop_text_alignment=\u00bbdefault\u00bb tablet_text_alignment=\u00bbdefault\u00bb phone_text_alignment=\u00bbdefault\u00bb background_color_opacity=\u00bb1&#8243; background_hover_color_opacity=\u00bb1&#8243; column_backdrop_filter=\u00bbnone\u00bb column_shadow=\u00bbnone\u00bb column_border_radius=\u00bbnone\u00bb column_link_target=\u00bb_self\u00bb column_position=\u00bbdefault\u00bb gradient_direction=\u00bbleft_to_right\u00bb overlay_strength=\u00bb0.3&#8243; width=\u00bb1\/2&#8243; tablet_width_inherit=\u00bbdefault\u00bb animation_type=\u00bbdefault\u00bb bg_image_animation=\u00bbnone\u00bb border_type=\u00bbsimple\u00bb column_border_width=\u00bbnone\u00bb column_border_style=\u00bbsolid\u00bb column_padding_type=\u00bbdefault\u00bb content_layout=\u00bbdefault\u00bb gradient_type=\u00bbdefault\u00bb][vc_raw_html css=\u00bb\u00bb]JTNDaWZyYW1lJTIwc3JjJTNEJTIyaHR0cHMlM0ElMkYlMkZ3d3cuZ29vZ2xlLmNvbSUyRm1hcHMlMkZlbWJlZCUzRnBiJTNEJTIxMW0xOCUyMTFtMTIlMjExbTMlMjExZDM2MjguOTAzMzk3OTQ3NzY2MyUyMTJkLTcuMjU1NDg0OTIzNDIwOTE4JTIxM2Q0Mi4zMzgxNzEzMzY0ODM0ODQlMjEybTMlMjExZjAlMjEyZjAlMjEzZjAlMjEzbTIlMjExaTEwMjQlMjEyaTc2OCUyMTRmMTMuMSUyMTNtMyUyMTFtMiUyMTFzMHhkMzA3ODE3MTI0NmMzYTUlMjUzQTB4MjE4ZDk4MDU3MTlhMGE1JTIxMnNDb25zdHJ1Y3RvcmElMjUyMENlZmVyJTI1MjBTbCUyMTVlMSUyMTNtMiUyMTFzZXMlMjEyc2VzJTIxNHYxNzcxNTM1NjQxMjA2JTIxNW0yJTIxMXNlcyUyMTJzZXMlMjIlMjB3aWR0aCUzRCUyMjgwMCUyMiUyMGhlaWdodCUzRCUyMjYwMCUyMiUyMHN0eWxlJTNEJTIyYm9yZGVyJTNBMCUzQiUyMiUyMGFsbG93ZnVsbHNjcmVlbiUzRCUyMiUyMiUyMGxvYWRpbmclM0QlMjJsYXp5JTIyJTIwcmVmZXJyZXJwb2xpY3klM0QlMjJuby1yZWZlcnJlci13aGVuLWRvd25ncmFkZSUyMiUzRSUzQyUyRmlmcmFtZSUzRQ==[\/vc_raw_html][\/vc_column][vc_column column_padding=\u00bbpadding-7-percent\u00bb column_padding_tablet=\u00bbinherit\u00bb column_padding_phone=\u00bbinherit\u00bb column_padding_position=\u00bball\u00bb flex_gap_desktop=\u00bb10px\u00bb column_element_direction_desktop=\u00bbdefault\u00bb column_element_spacing=\u00bbdefault\u00bb desktop_text_alignment=\u00bbdefault\u00bb tablet_text_alignment=\u00bbdefault\u00bb phone_text_alignment=\u00bbdefault\u00bb background_color_opacity=\u00bb1&#8243; background_hover_color_opacity=\u00bb1&#8243; column_backdrop_filter=\u00bbnone\u00bb column_shadow=\u00bbnone\u00bb column_border_radius=\u00bbnone\u00bb column_link_target=\u00bb_self\u00bb column_position=\u00bbdefault\u00bb gradient_direction=\u00bbleft_to_right\u00bb overlay_strength=\u00bb0.3&#8243; width=\u00bb1\/2&#8243; tablet_width_inherit=\u00bbdefault\u00bb animation_type=\u00bbdefault\u00bb bg_image_animation=\u00bbnone\u00bb border_type=\u00bbsimple\u00bb column_border_width=\u00bbnone\u00bb column_border_style=\u00bbsolid\u00bb][vc_column_text css=\u00bb\u00bb text_direction=\u00bbdefault\u00bb]\n<h2>Contacto<\/h2>\n<p>En Cefer Constructora S.L. trabajamos en toda Espa\u00f1a desarrollando proyectos de obra civil especializada, infraestructuras vinculadas a energ\u00eda y agua, as\u00ed como construcci\u00f3n y rehabilitaci\u00f3n de vivienda unifamiliar.<\/p>\n<p>Si necesita un equipo t\u00e9cnico con experiencia contrastada, rigor en la ejecuci\u00f3n y compromiso en plazos y calidad, estaremos encantados de estudiar su proyecto.<\/p>\n<p><strong>Datos de contacto<\/strong><\/p>\n<p>Direcci\u00f3n:<br \/>\nR\u00faa San Marti\u00f1o, 16, Bajo<br \/>\n32780 A Pobra de Trives (Ourense)<\/p>\n<p>Tel\u00e9fono:<br \/>\n988 33 02 33[\/vc_column_text][\/vc_column][\/vc_row]\n","protected":false},"excerpt":{"rendered":"<p>[vc_row type=\u00bbin_container\u00bb full_screen_row_position=\u00bbmiddle\u00bb column_margin=\u00bbdefault\u00bb column_direction=\u00bbdefault\u00bb column_direction_tablet=\u00bbdefault\u00bb column_direction_phone=\u00bbdefault\u00bb bg_color=\u00bb#ffffff\u00bb scene_position=\u00bbcenter\u00bb text_color=\u00bbdark\u00bb text_align=\u00bbleft\u00bb row_border_radius=\u00bbnone\u00bb row_border_radius_applies=\u00bbbg\u00bb row_position_desktop=\u00bbdefault\u00bb row_position_tablet=\u00bbinherit\u00bb row_position_phone=\u00bbinherit\u00bb overflow=\u00bbvisible\u00bb overlay_strength=\u00bb0.3&#8243; gradient_direction=\u00bbleft_to_right\u00bb shape_divider_position=\u00bbbottom\u00bb bg_image_animation=\u00bbnone\u00bb gradient_type=\u00bbdefault\u00bb shape_type=\u00bb\u00bb][vc_column column_padding=\u00bbno-extra-padding\u00bb column_padding_tablet=\u00bbinherit\u00bb column_padding_phone=\u00bbinherit\u00bb column_padding_position=\u00bball\u00bb column_element_direction_desktop=\u00bbdefault\u00bb column_element_spacing=\u00bbdefault\u00bb centered_text=\u00bbtrue\u00bb&#8230;<\/p>\n","protected":false},"author":1,"featured_media":0,"parent":0,"menu_order":0,"comment_status":"closed","ping_status":"closed","template":"","meta":{"footnotes":""},"class_list":["post-6026","page","type-page","status-publish"],"yoast_head":"<!-- This site is optimized with the Yoast SEO plugin v27.0 - https:\/\/yoast.com\/product\/yoast-seo-wordpress\/ -->\n<title>Contacto Constructora Cefer | Solicita Presupuesto<\/title>\n<meta name=\"description\" content=\"Contacta con Constructora Cefer en A Pobra de Trives (Ourense). Especialistas en obra civil, energ\u00eda hidr\u00e1ulica y edificaci\u00f3n en toda Espa\u00f1a.\" \/>\n<meta name=\"robots\" content=\"index, follow, max-snippet:-1, max-image-preview:large, max-video-preview:-1\" \/>\n<link rel=\"canonical\" href=\"https:\/\/fervent-agnesi.193-70-1-120.plesk.page\/index.php\/contacto\/\" \/>\n<meta property=\"og:locale\" content=\"es_ES\" \/>\n<meta property=\"og:type\" content=\"article\" \/>\n<meta property=\"og:title\" content=\"Contacto Constructora Cefer | Solicita Presupuesto\" \/>\n<meta property=\"og:description\" content=\"Contacta con Constructora Cefer en A Pobra de Trives (Ourense). Especialistas en obra civil, energ\u00eda hidr\u00e1ulica y edificaci\u00f3n en toda Espa\u00f1a.\" \/>\n<meta property=\"og:url\" content=\"https:\/\/fervent-agnesi.193-70-1-120.plesk.page\/index.php\/contacto\/\" \/>\n<meta property=\"og:site_name\" content=\"Construcciones Cefer\" \/>\n<meta property=\"article:modified_time\" content=\"2026-02-21T09:11:04+00:00\" \/>\n<meta name=\"twitter:card\" content=\"summary_large_image\" \/>\n<meta name=\"twitter:label1\" content=\"Tiempo de lectura\" \/>\n\t<meta name=\"twitter:data1\" content=\"1 minuto\" \/>\n<script type=\"application\/ld+json\" class=\"yoast-schema-graph\">{\"@context\":\"https:\/\/schema.org\",\"@graph\":[{\"@type\":\"WebPage\",\"@id\":\"https:\/\/fervent-agnesi.193-70-1-120.plesk.page\/index.php\/contacto\/\",\"url\":\"https:\/\/fervent-agnesi.193-70-1-120.plesk.page\/index.php\/contacto\/\",\"name\":\"Contacto Constructora Cefer | Solicita Presupuesto\",\"isPartOf\":{\"@id\":\"https:\/\/fervent-agnesi.193-70-1-120.plesk.page\/#website\"},\"datePublished\":\"2026-02-12T10:51:06+00:00\",\"dateModified\":\"2026-02-21T09:11:04+00:00\",\"description\":\"Contacta con Constructora Cefer en A Pobra de Trives (Ourense). Especialistas en obra civil, energ\u00eda hidr\u00e1ulica y edificaci\u00f3n en toda Espa\u00f1a.\",\"breadcrumb\":{\"@id\":\"https:\/\/fervent-agnesi.193-70-1-120.plesk.page\/index.php\/contacto\/#breadcrumb\"},\"inLanguage\":\"es\",\"potentialAction\":[{\"@type\":\"ReadAction\",\"target\":[\"https:\/\/fervent-agnesi.193-70-1-120.plesk.page\/index.php\/contacto\/\"]}]},{\"@type\":\"BreadcrumbList\",\"@id\":\"https:\/\/fervent-agnesi.193-70-1-120.plesk.page\/index.php\/contacto\/#breadcrumb\",\"itemListElement\":[{\"@type\":\"ListItem\",\"position\":1,\"name\":\"Portada\",\"item\":\"https:\/\/fervent-agnesi.193-70-1-120.plesk.page\/\"},{\"@type\":\"ListItem\",\"position\":2,\"name\":\"Contacto\"}]},{\"@type\":\"WebSite\",\"@id\":\"https:\/\/fervent-agnesi.193-70-1-120.plesk.page\/#website\",\"url\":\"https:\/\/fervent-agnesi.193-70-1-120.plesk.page\/\",\"name\":\"Construcciones Cefer\",\"description\":\"\",\"publisher\":{\"@id\":\"https:\/\/fervent-agnesi.193-70-1-120.plesk.page\/#organization\"},\"potentialAction\":[{\"@type\":\"SearchAction\",\"target\":{\"@type\":\"EntryPoint\",\"urlTemplate\":\"https:\/\/fervent-agnesi.193-70-1-120.plesk.page\/?s={search_term_string}\"},\"query-input\":{\"@type\":\"PropertyValueSpecification\",\"valueRequired\":true,\"valueName\":\"search_term_string\"}}],\"inLanguage\":\"es\"},{\"@type\":\"Organization\",\"@id\":\"https:\/\/fervent-agnesi.193-70-1-120.plesk.page\/#organization\",\"name\":\"Construcciones Cefer\",\"url\":\"https:\/\/fervent-agnesi.193-70-1-120.plesk.page\/\",\"logo\":{\"@type\":\"ImageObject\",\"inLanguage\":\"es\",\"@id\":\"https:\/\/fervent-agnesi.193-70-1-120.plesk.page\/#\/schema\/logo\/image\/\",\"url\":\"https:\/\/fervent-agnesi.193-70-1-120.plesk.page\/wp-content\/uploads\/2026\/02\/cropped-logo-hd-cefer-contrusctora-trives.png\",\"contentUrl\":\"https:\/\/fervent-agnesi.193-70-1-120.plesk.page\/wp-content\/uploads\/2026\/02\/cropped-logo-hd-cefer-contrusctora-trives.png\",\"width\":512,\"height\":512,\"caption\":\"Construcciones Cefer\"},\"image\":{\"@id\":\"https:\/\/fervent-agnesi.193-70-1-120.plesk.page\/#\/schema\/logo\/image\/\"}}]}<\/script>\n<!-- \/ Yoast SEO plugin. -->","yoast_head_json":{"title":"Contacto Constructora Cefer | Solicita Presupuesto","description":"Contacta con Constructora Cefer en A Pobra de Trives (Ourense). Especialistas en obra civil, energ\u00eda hidr\u00e1ulica y edificaci\u00f3n en toda Espa\u00f1a.","robots":{"index":"index","follow":"follow","max-snippet":"max-snippet:-1","max-image-preview":"max-image-preview:large","max-video-preview":"max-video-preview:-1"},"canonical":"https:\/\/fervent-agnesi.193-70-1-120.plesk.page\/index.php\/contacto\/","og_locale":"es_ES","og_type":"article","og_title":"Contacto Constructora Cefer | Solicita Presupuesto","og_description":"Contacta con Constructora Cefer en A Pobra de Trives (Ourense). Especialistas en obra civil, energ\u00eda hidr\u00e1ulica y edificaci\u00f3n en toda Espa\u00f1a.","og_url":"https:\/\/fervent-agnesi.193-70-1-120.plesk.page\/index.php\/contacto\/","og_site_name":"Construcciones Cefer","article_modified_time":"2026-02-21T09:11:04+00:00","twitter_card":"summary_large_image","twitter_misc":{"Tiempo de lectura":"1 minuto"},"schema":{"@context":"https:\/\/schema.org","@graph":[{"@type":"WebPage","@id":"https:\/\/fervent-agnesi.193-70-1-120.plesk.page\/index.php\/contacto\/","url":"https:\/\/fervent-agnesi.193-70-1-120.plesk.page\/index.php\/contacto\/","name":"Contacto Constructora Cefer | Solicita Presupuesto","isPartOf":{"@id":"https:\/\/fervent-agnesi.193-70-1-120.plesk.page\/#website"},"datePublished":"2026-02-12T10:51:06+00:00","dateModified":"2026-02-21T09:11:04+00:00","description":"Contacta con Constructora Cefer en A Pobra de Trives (Ourense). Especialistas en obra civil, energ\u00eda hidr\u00e1ulica y edificaci\u00f3n en toda Espa\u00f1a.","breadcrumb":{"@id":"https:\/\/fervent-agnesi.193-70-1-120.plesk.page\/index.php\/contacto\/#breadcrumb"},"inLanguage":"es","potentialAction":[{"@type":"ReadAction","target":["https:\/\/fervent-agnesi.193-70-1-120.plesk.page\/index.php\/contacto\/"]}]},{"@type":"BreadcrumbList","@id":"https:\/\/fervent-agnesi.193-70-1-120.plesk.page\/index.php\/contacto\/#breadcrumb","itemListElement":[{"@type":"ListItem","position":1,"name":"Portada","item":"https:\/\/fervent-agnesi.193-70-1-120.plesk.page\/"},{"@type":"ListItem","position":2,"name":"Contacto"}]},{"@type":"WebSite","@id":"https:\/\/fervent-agnesi.193-70-1-120.plesk.page\/#website","url":"https:\/\/fervent-agnesi.193-70-1-120.plesk.page\/","name":"Construcciones Cefer","description":"","publisher":{"@id":"https:\/\/fervent-agnesi.193-70-1-120.plesk.page\/#organization"},"potentialAction":[{"@type":"SearchAction","target":{"@type":"EntryPoint","urlTemplate":"https:\/\/fervent-agnesi.193-70-1-120.plesk.page\/?s={search_term_string}"},"query-input":{"@type":"PropertyValueSpecification","valueRequired":true,"valueName":"search_term_string"}}],"inLanguage":"es"},{"@type":"Organization","@id":"https:\/\/fervent-agnesi.193-70-1-120.plesk.page\/#organization","name":"Construcciones Cefer","url":"https:\/\/fervent-agnesi.193-70-1-120.plesk.page\/","logo":{"@type":"ImageObject","inLanguage":"es","@id":"https:\/\/fervent-agnesi.193-70-1-120.plesk.page\/#\/schema\/logo\/image\/","url":"https:\/\/fervent-agnesi.193-70-1-120.plesk.page\/wp-content\/uploads\/2026\/02\/cropped-logo-hd-cefer-contrusctora-trives.png","contentUrl":"https:\/\/fervent-agnesi.193-70-1-120.plesk.page\/wp-content\/uploads\/2026\/02\/cropped-logo-hd-cefer-contrusctora-trives.png","width":512,"height":512,"caption":"Construcciones Cefer"},"image":{"@id":"https:\/\/fervent-agnesi.193-70-1-120.plesk.page\/#\/schema\/logo\/image\/"}}]}},"_links":{"self":[{"href":"https:\/\/fervent-agnesi.193-70-1-120.plesk.page\/index.php\/wp-json\/wp\/v2\/pages\/6026","targetHints":{"allow":["GET"]}}],"collection":[{"href":"https:\/\/fervent-agnesi.193-70-1-120.plesk.page\/index.php\/wp-json\/wp\/v2\/pages"}],"about":[{"href":"https:\/\/fervent-agnesi.193-70-1-120.plesk.page\/index.php\/wp-json\/wp\/v2\/types\/page"}],"author":[{"embeddable":true,"href":"https:\/\/fervent-agnesi.193-70-1-120.plesk.page\/index.php\/wp-json\/wp\/v2\/users\/1"}],"replies":[{"embeddable":true,"href":"https:\/\/fervent-agnesi.193-70-1-120.plesk.page\/index.php\/wp-json\/wp\/v2\/comments?post=6026"}],"version-history":[{"count":7,"href":"https:\/\/fervent-agnesi.193-70-1-120.plesk.page\/index.php\/wp-json\/wp\/v2\/pages\/6026\/revisions"}],"predecessor-version":[{"id":6167,"href":"https:\/\/fervent-agnesi.193-70-1-120.plesk.page\/index.php\/wp-json\/wp\/v2\/pages\/6026\/revisions\/6167"}],"wp:attachment":[{"href":"https:\/\/fervent-agnesi.193-70-1-120.plesk.page\/index.php\/wp-json\/wp\/v2\/media?parent=6026"}],"curies":[{"name":"wp","href":"https:\/\/api.w.org\/{rel}","templated":true}]}}