{"id":3,"date":"2026-02-09T17:38:08","date_gmt":"2026-02-09T17:38:08","guid":{"rendered":"https:\/\/fervent-agnesi.193-70-1-120.plesk.page\/?page_id=3"},"modified":"2026-02-20T16:20:13","modified_gmt":"2026-02-20T16:20:13","slug":"politica-privacidad","status":"publish","type":"page","link":"https:\/\/fervent-agnesi.193-70-1-120.plesk.page\/index.php\/politica-privacidad\/","title":{"rendered":"Pol\u00edtica de privacidad"},"content":{"rendered":"[vc_row type=\u00bbin_container\u00bb full_screen_row_position=\u00bbmiddle\u00bb column_margin=\u00bbdefault\u00bb column_direction=\u00bbdefault\u00bb column_direction_tablet=\u00bbdefault\u00bb column_direction_phone=\u00bbdefault\u00bb scene_position=\u00bbcenter\u00bb text_color=\u00bbdark\u00bb text_align=\u00bbleft\u00bb row_border_radius=\u00bbnone\u00bb row_border_radius_applies=\u00bbbg\u00bb row_position_desktop=\u00bbdefault\u00bb row_position_tablet=\u00bbinherit\u00bb row_position_phone=\u00bbinherit\u00bb overflow=\u00bbvisible\u00bb overlay_strength=\u00bb0.3&#8243; gradient_direction=\u00bbleft_to_right\u00bb shape_divider_position=\u00bbbottom\u00bb bg_image_animation=\u00bbnone\u00bb][vc_column column_padding=\u00bbno-extra-padding\u00bb column_padding_tablet=\u00bbinherit\u00bb column_padding_phone=\u00bbinherit\u00bb column_padding_position=\u00bball\u00bb flex_gap_desktop=\u00bb10px\u00bb column_element_direction_desktop=\u00bbdefault\u00bb column_element_spacing=\u00bbdefault\u00bb desktop_text_alignment=\u00bbdefault\u00bb tablet_text_alignment=\u00bbdefault\u00bb phone_text_alignment=\u00bbdefault\u00bb background_color_opacity=\u00bb1&#8243; background_hover_color_opacity=\u00bb1&#8243; column_backdrop_filter=\u00bbnone\u00bb column_shadow=\u00bbnone\u00bb column_border_radius=\u00bbnone\u00bb column_link_target=\u00bb_self\u00bb column_position=\u00bbdefault\u00bb gradient_direction=\u00bbleft_to_right\u00bb overlay_strength=\u00bb0.3&#8243; width=\u00bb1\/1&#8243; tablet_width_inherit=\u00bbdefault\u00bb animation_type=\u00bbdefault\u00bb bg_image_animation=\u00bbnone\u00bb border_type=\u00bbsimple\u00bb column_border_width=\u00bbnone\u00bb column_border_style=\u00bbsolid\u00bb][vc_column_text css=\u00bb\u00bb text_direction=\u00bbdefault\u00bb]\n<h2>POL\u00cdTICA DE PRIVACIDAD<\/h2>\n<p><strong>1. Responsable del tratamiento<\/strong><\/p>\n<p>CONSTRUCTORA CEFER, S.L.<br \/>\nCIF: B32115032<br \/>\nDomicilio: CL. San Mart\u00edn, 16 \u2013 32780 A Pobra de Trives (Ourense)<br \/>\nTel\u00e9fono: 988 33 02 33<\/p>\n<p><strong>2. Finalidad del tratamiento<\/strong><\/p>\n<p>Los datos personales que el usuario facilite a trav\u00e9s del sitio web ser\u00e1n tratados con las siguientes finalidades:<\/p>\n<p>Atender solicitudes de informaci\u00f3n.<\/p>\n<p>Gestionar consultas t\u00e9cnicas o comerciales.<\/p>\n<p>Gestionar presupuestos y contrataci\u00f3n de servicios.<\/p>\n<p>Gesti\u00f3n administrativa, fiscal y contable.<\/p>\n<p>Procesos de selecci\u00f3n de personal (en caso de env\u00edo de CV).<\/p>\n<p><strong>3. Base jur\u00eddica del tratamiento<\/strong><\/p>\n<p>Las bases legales que legitiman el tratamiento son:<\/p>\n<p>El consentimiento del interesado.<\/p>\n<p>La ejecuci\u00f3n de un contrato o aplicaci\u00f3n de medidas precontractuales.<\/p>\n<p>El cumplimiento de obligaciones legales.<\/p>\n<p>El inter\u00e9s leg\u00edtimo empresarial cuando proceda.<\/p>\n<p><strong>4. Conservaci\u00f3n de los datos<\/strong><\/p>\n<p>Los datos se conservar\u00e1n:<\/p>\n<p>Mientras exista relaci\u00f3n contractual.<\/p>\n<p>Mientras sea necesario para atender la solicitud realizada.<\/p>\n<p>Durante los plazos legalmente establecidos en materia fiscal, contable y mercantil.<\/p>\n<p>En el caso de curr\u00edculums, durante un m\u00e1ximo de 1 a\u00f1o salvo renovaci\u00f3n del consentimiento.<\/p>\n<p><strong>5. Destinatarios de los datos<\/strong><\/p>\n<p>No se ceder\u00e1n datos a terceros salvo obligaci\u00f3n legal o cuando sea necesario para la prestaci\u00f3n del servicio (asesor\u00eda fiscal, entidades financieras, administraciones p\u00fablicas, etc.).<\/p>\n<p>No se prev\u00e9n transferencias internacionales de datos.<\/p>\n<p><strong>6. Derechos del interesado<\/strong><\/p>\n<p>El usuario puede ejercer los siguientes derechos:<\/p>\n<ul>\n<li>Acceso<\/li>\n<li>Rectificaci\u00f3n<\/li>\n<li>Supresi\u00f3n<\/li>\n<li>Limitaci\u00f3n del tratamiento<\/li>\n<li>Oposici\u00f3n<\/li>\n<li>Portabilidad<\/li>\n<\/ul>\n<p>Para ello podr\u00e1 dirigirse por escrito al domicilio social indicado anteriormente, acreditando su identidad.<\/p>\n<p>Asimismo, tiene derecho a presentar reclamaci\u00f3n ante la Agencia Espa\u00f1ola de Protecci\u00f3n de Datos (www.aepd.es).<\/p>\n<p><strong>7. Seguridad<\/strong><\/p>\n<p>CONSTRUCTORA CEFER, S.L. aplica las medidas t\u00e9cnicas y organizativas necesarias para garantizar la seguridad y confidencialidad de los datos personales.[\/vc_column_text][\/vc_column][\/vc_row]\n","protected":false},"excerpt":{"rendered":"<p>[vc_row type=\u00bbin_container\u00bb full_screen_row_position=\u00bbmiddle\u00bb column_margin=\u00bbdefault\u00bb column_direction=\u00bbdefault\u00bb column_direction_tablet=\u00bbdefault\u00bb column_direction_phone=\u00bbdefault\u00bb scene_position=\u00bbcenter\u00bb text_color=\u00bbdark\u00bb text_align=\u00bbleft\u00bb row_border_radius=\u00bbnone\u00bb row_border_radius_applies=\u00bbbg\u00bb row_position_desktop=\u00bbdefault\u00bb row_position_tablet=\u00bbinherit\u00bb row_position_phone=\u00bbinherit\u00bb overflow=\u00bbvisible\u00bb overlay_strength=\u00bb0.3&#8243; gradient_direction=\u00bbleft_to_right\u00bb shape_divider_position=\u00bbbottom\u00bb bg_image_animation=\u00bbnone\u00bb][vc_column column_padding=\u00bbno-extra-padding\u00bb column_padding_tablet=\u00bbinherit\u00bb column_padding_phone=\u00bbinherit\u00bb column_padding_position=\u00bball\u00bb flex_gap_desktop=\u00bb10px\u00bb column_element_direction_desktop=\u00bbdefault\u00bb column_element_spacing=\u00bbdefault\u00bb desktop_text_alignment=\u00bbdefault\u00bb tablet_text_alignment=\u00bbdefault\u00bb phone_text_alignment=\u00bbdefault\u00bb&#8230;<\/p>\n","protected":false},"author":1,"featured_media":0,"parent":0,"menu_order":0,"comment_status":"closed","ping_status":"closed","template":"","meta":{"footnotes":""},"class_list":["post-3","page","type-page","status-publish"],"yoast_head":"<!-- This site is optimized with the Yoast SEO plugin v27.0 - https:\/\/yoast.com\/product\/yoast-seo-wordpress\/ -->\n<title>Pol\u00edtica de privacidad - Construcciones Cefer<\/title>\n<meta name=\"robots\" content=\"index, follow, max-snippet:-1, max-image-preview:large, max-video-preview:-1\" \/>\n<link rel=\"canonical\" href=\"https:\/\/fervent-agnesi.193-70-1-120.plesk.page\/index.php\/politica-privacidad\/\" \/>\n<meta property=\"og:locale\" content=\"es_ES\" \/>\n<meta property=\"og:type\" content=\"article\" \/>\n<meta property=\"og:title\" content=\"Pol\u00edtica de privacidad - Construcciones Cefer\" \/>\n<meta property=\"og:description\" content=\"[vc_row type=\u00bbin_container\u00bb full_screen_row_position=\u00bbmiddle\u00bb column_margin=\u00bbdefault\u00bb column_direction=\u00bbdefault\u00bb column_direction_tablet=\u00bbdefault\u00bb column_direction_phone=\u00bbdefault\u00bb scene_position=\u00bbcenter\u00bb text_color=\u00bbdark\u00bb text_align=\u00bbleft\u00bb row_border_radius=\u00bbnone\u00bb row_border_radius_applies=\u00bbbg\u00bb row_position_desktop=\u00bbdefault\u00bb row_position_tablet=\u00bbinherit\u00bb row_position_phone=\u00bbinherit\u00bb overflow=\u00bbvisible\u00bb overlay_strength=\u00bb0.3&#8243; gradient_direction=\u00bbleft_to_right\u00bb shape_divider_position=\u00bbbottom\u00bb bg_image_animation=\u00bbnone\u00bb][vc_column column_padding=\u00bbno-extra-padding\u00bb column_padding_tablet=\u00bbinherit\u00bb column_padding_phone=\u00bbinherit\u00bb column_padding_position=\u00bball\u00bb flex_gap_desktop=\u00bb10px\u00bb column_element_direction_desktop=\u00bbdefault\u00bb column_element_spacing=\u00bbdefault\u00bb desktop_text_alignment=\u00bbdefault\u00bb tablet_text_alignment=\u00bbdefault\u00bb phone_text_alignment=\u00bbdefault\u00bb...\" \/>\n<meta property=\"og:url\" content=\"https:\/\/fervent-agnesi.193-70-1-120.plesk.page\/index.php\/politica-privacidad\/\" \/>\n<meta property=\"og:site_name\" content=\"Construcciones Cefer\" \/>\n<meta property=\"article:modified_time\" content=\"2026-02-20T16:20:13+00:00\" \/>\n<meta name=\"twitter:card\" content=\"summary_large_image\" \/>\n<meta name=\"twitter:label1\" content=\"Tiempo de lectura\" \/>\n\t<meta name=\"twitter:data1\" content=\"2 minutos\" \/>\n<script type=\"application\/ld+json\" class=\"yoast-schema-graph\">{\"@context\":\"https:\/\/schema.org\",\"@graph\":[{\"@type\":\"WebPage\",\"@id\":\"https:\/\/fervent-agnesi.193-70-1-120.plesk.page\/index.php\/politica-privacidad\/\",\"url\":\"https:\/\/fervent-agnesi.193-70-1-120.plesk.page\/index.php\/politica-privacidad\/\",\"name\":\"Pol\u00edtica de privacidad - Construcciones Cefer\",\"isPartOf\":{\"@id\":\"https:\/\/fervent-agnesi.193-70-1-120.plesk.page\/#website\"},\"datePublished\":\"2026-02-09T17:38:08+00:00\",\"dateModified\":\"2026-02-20T16:20:13+00:00\",\"breadcrumb\":{\"@id\":\"https:\/\/fervent-agnesi.193-70-1-120.plesk.page\/index.php\/politica-privacidad\/#breadcrumb\"},\"inLanguage\":\"es\",\"potentialAction\":[{\"@type\":\"ReadAction\",\"target\":[\"https:\/\/fervent-agnesi.193-70-1-120.plesk.page\/index.php\/politica-privacidad\/\"]}]},{\"@type\":\"BreadcrumbList\",\"@id\":\"https:\/\/fervent-agnesi.193-70-1-120.plesk.page\/index.php\/politica-privacidad\/#breadcrumb\",\"itemListElement\":[{\"@type\":\"ListItem\",\"position\":1,\"name\":\"Portada\",\"item\":\"https:\/\/fervent-agnesi.193-70-1-120.plesk.page\/\"},{\"@type\":\"ListItem\",\"position\":2,\"name\":\"Pol\u00edtica de privacidad\"}]},{\"@type\":\"WebSite\",\"@id\":\"https:\/\/fervent-agnesi.193-70-1-120.plesk.page\/#website\",\"url\":\"https:\/\/fervent-agnesi.193-70-1-120.plesk.page\/\",\"name\":\"Construcciones Cefer\",\"description\":\"\",\"publisher\":{\"@id\":\"https:\/\/fervent-agnesi.193-70-1-120.plesk.page\/#organization\"},\"potentialAction\":[{\"@type\":\"SearchAction\",\"target\":{\"@type\":\"EntryPoint\",\"urlTemplate\":\"https:\/\/fervent-agnesi.193-70-1-120.plesk.page\/?s={search_term_string}\"},\"query-input\":{\"@type\":\"PropertyValueSpecification\",\"valueRequired\":true,\"valueName\":\"search_term_string\"}}],\"inLanguage\":\"es\"},{\"@type\":\"Organization\",\"@id\":\"https:\/\/fervent-agnesi.193-70-1-120.plesk.page\/#organization\",\"name\":\"Construcciones Cefer\",\"url\":\"https:\/\/fervent-agnesi.193-70-1-120.plesk.page\/\",\"logo\":{\"@type\":\"ImageObject\",\"inLanguage\":\"es\",\"@id\":\"https:\/\/fervent-agnesi.193-70-1-120.plesk.page\/#\/schema\/logo\/image\/\",\"url\":\"https:\/\/fervent-agnesi.193-70-1-120.plesk.page\/wp-content\/uploads\/2026\/02\/cropped-logo-hd-cefer-contrusctora-trives.png\",\"contentUrl\":\"https:\/\/fervent-agnesi.193-70-1-120.plesk.page\/wp-content\/uploads\/2026\/02\/cropped-logo-hd-cefer-contrusctora-trives.png\",\"width\":512,\"height\":512,\"caption\":\"Construcciones Cefer\"},\"image\":{\"@id\":\"https:\/\/fervent-agnesi.193-70-1-120.plesk.page\/#\/schema\/logo\/image\/\"}}]}<\/script>\n<!-- \/ Yoast SEO plugin. -->","yoast_head_json":{"title":"Pol\u00edtica de privacidad - Construcciones Cefer","robots":{"index":"index","follow":"follow","max-snippet":"max-snippet:-1","max-image-preview":"max-image-preview:large","max-video-preview":"max-video-preview:-1"},"canonical":"https:\/\/fervent-agnesi.193-70-1-120.plesk.page\/index.php\/politica-privacidad\/","og_locale":"es_ES","og_type":"article","og_title":"Pol\u00edtica de privacidad - Construcciones Cefer","og_description":"[vc_row type=\u00bbin_container\u00bb full_screen_row_position=\u00bbmiddle\u00bb column_margin=\u00bbdefault\u00bb column_direction=\u00bbdefault\u00bb column_direction_tablet=\u00bbdefault\u00bb column_direction_phone=\u00bbdefault\u00bb scene_position=\u00bbcenter\u00bb text_color=\u00bbdark\u00bb text_align=\u00bbleft\u00bb row_border_radius=\u00bbnone\u00bb row_border_radius_applies=\u00bbbg\u00bb row_position_desktop=\u00bbdefault\u00bb row_position_tablet=\u00bbinherit\u00bb row_position_phone=\u00bbinherit\u00bb overflow=\u00bbvisible\u00bb overlay_strength=\u00bb0.3&#8243; gradient_direction=\u00bbleft_to_right\u00bb shape_divider_position=\u00bbbottom\u00bb bg_image_animation=\u00bbnone\u00bb][vc_column column_padding=\u00bbno-extra-padding\u00bb column_padding_tablet=\u00bbinherit\u00bb column_padding_phone=\u00bbinherit\u00bb column_padding_position=\u00bball\u00bb flex_gap_desktop=\u00bb10px\u00bb column_element_direction_desktop=\u00bbdefault\u00bb column_element_spacing=\u00bbdefault\u00bb desktop_text_alignment=\u00bbdefault\u00bb tablet_text_alignment=\u00bbdefault\u00bb phone_text_alignment=\u00bbdefault\u00bb...","og_url":"https:\/\/fervent-agnesi.193-70-1-120.plesk.page\/index.php\/politica-privacidad\/","og_site_name":"Construcciones Cefer","article_modified_time":"2026-02-20T16:20:13+00:00","twitter_card":"summary_large_image","twitter_misc":{"Tiempo de lectura":"2 minutos"},"schema":{"@context":"https:\/\/schema.org","@graph":[{"@type":"WebPage","@id":"https:\/\/fervent-agnesi.193-70-1-120.plesk.page\/index.php\/politica-privacidad\/","url":"https:\/\/fervent-agnesi.193-70-1-120.plesk.page\/index.php\/politica-privacidad\/","name":"Pol\u00edtica de privacidad - Construcciones Cefer","isPartOf":{"@id":"https:\/\/fervent-agnesi.193-70-1-120.plesk.page\/#website"},"datePublished":"2026-02-09T17:38:08+00:00","dateModified":"2026-02-20T16:20:13+00:00","breadcrumb":{"@id":"https:\/\/fervent-agnesi.193-70-1-120.plesk.page\/index.php\/politica-privacidad\/#breadcrumb"},"inLanguage":"es","potentialAction":[{"@type":"ReadAction","target":["https:\/\/fervent-agnesi.193-70-1-120.plesk.page\/index.php\/politica-privacidad\/"]}]},{"@type":"BreadcrumbList","@id":"https:\/\/fervent-agnesi.193-70-1-120.plesk.page\/index.php\/politica-privacidad\/#breadcrumb","itemListElement":[{"@type":"ListItem","position":1,"name":"Portada","item":"https:\/\/fervent-agnesi.193-70-1-120.plesk.page\/"},{"@type":"ListItem","position":2,"name":"Pol\u00edtica de privacidad"}]},{"@type":"WebSite","@id":"https:\/\/fervent-agnesi.193-70-1-120.plesk.page\/#website","url":"https:\/\/fervent-agnesi.193-70-1-120.plesk.page\/","name":"Construcciones Cefer","description":"","publisher":{"@id":"https:\/\/fervent-agnesi.193-70-1-120.plesk.page\/#organization"},"potentialAction":[{"@type":"SearchAction","target":{"@type":"EntryPoint","urlTemplate":"https:\/\/fervent-agnesi.193-70-1-120.plesk.page\/?s={search_term_string}"},"query-input":{"@type":"PropertyValueSpecification","valueRequired":true,"valueName":"search_term_string"}}],"inLanguage":"es"},{"@type":"Organization","@id":"https:\/\/fervent-agnesi.193-70-1-120.plesk.page\/#organization","name":"Construcciones Cefer","url":"https:\/\/fervent-agnesi.193-70-1-120.plesk.page\/","logo":{"@type":"ImageObject","inLanguage":"es","@id":"https:\/\/fervent-agnesi.193-70-1-120.plesk.page\/#\/schema\/logo\/image\/","url":"https:\/\/fervent-agnesi.193-70-1-120.plesk.page\/wp-content\/uploads\/2026\/02\/cropped-logo-hd-cefer-contrusctora-trives.png","contentUrl":"https:\/\/fervent-agnesi.193-70-1-120.plesk.page\/wp-content\/uploads\/2026\/02\/cropped-logo-hd-cefer-contrusctora-trives.png","width":512,"height":512,"caption":"Construcciones Cefer"},"image":{"@id":"https:\/\/fervent-agnesi.193-70-1-120.plesk.page\/#\/schema\/logo\/image\/"}}]}},"_links":{"self":[{"href":"https:\/\/fervent-agnesi.193-70-1-120.plesk.page\/index.php\/wp-json\/wp\/v2\/pages\/3","targetHints":{"allow":["GET"]}}],"collection":[{"href":"https:\/\/fervent-agnesi.193-70-1-120.plesk.page\/index.php\/wp-json\/wp\/v2\/pages"}],"about":[{"href":"https:\/\/fervent-agnesi.193-70-1-120.plesk.page\/index.php\/wp-json\/wp\/v2\/types\/page"}],"author":[{"embeddable":true,"href":"https:\/\/fervent-agnesi.193-70-1-120.plesk.page\/index.php\/wp-json\/wp\/v2\/users\/1"}],"replies":[{"embeddable":true,"href":"https:\/\/fervent-agnesi.193-70-1-120.plesk.page\/index.php\/wp-json\/wp\/v2\/comments?post=3"}],"version-history":[{"count":4,"href":"https:\/\/fervent-agnesi.193-70-1-120.plesk.page\/index.php\/wp-json\/wp\/v2\/pages\/3\/revisions"}],"predecessor-version":[{"id":6257,"href":"https:\/\/fervent-agnesi.193-70-1-120.plesk.page\/index.php\/wp-json\/wp\/v2\/pages\/3\/revisions\/6257"}],"wp:attachment":[{"href":"https:\/\/fervent-agnesi.193-70-1-120.plesk.page\/index.php\/wp-json\/wp\/v2\/media?parent=3"}],"curies":[{"name":"wp","href":"https:\/\/api.w.org\/{rel}","templated":true}]}}